{"id":780,"date":"2021-08-14T12:29:34","date_gmt":"2021-08-14T10:29:34","guid":{"rendered":"https:\/\/savana-spa.si\/darilni-boni\/"},"modified":"2021-09-21T10:31:23","modified_gmt":"2021-09-21T08:31:23","slug":"darilni-boni","status":"publish","type":"page","link":"https:\/\/savana-spa.si\/de\/darilni-boni\/","title":{"rendered":"Geschenkgutscheine"},"content":{"rendered":"\n<p>Ein Geschenk zu finden kann eine gro\u00dfe Herausforderung sein, also lassen Sie uns Ihnen dabei helfen. Schenken Sie Freunden, Familie oder Gesch\u00e4ftspartnern einen Auszug aus unserer grandiosen Geschichte: eine Massage, ein Besuch in der Saunawelt, eine exklusive VIP-Verw\u00f6hnung oder eine Gesichts- und K\u00f6rperpflege. Dies wird Ihr Beitrag zu ihrem Wohlbefinden, ihrer Sch\u00f6nheit und Gesundheit, ihrer St\u00e4rke, ihrem Selbstbewusstsein und ihrer Zufriedenheit sein.<\/p>\n\n\n\n<p><strong>BESTELLUNG UND BEZAHLUNG DES GESCHENKGUTSCHEINES<\/strong><\/p>\n\n\n\n<p>Sie k\u00f6nnen den Geschenkgutschein w\u00e4hrend den \u00d6ffnungszeiten der Savana-Spa an der Rezeption bestellen, bezahlen und abholen. Sie k\u00f6nnen uns Ihre W\u00fcnsche auch per E-Mail senden <a href=\"mailto:info@savana-spa.si\" data-type=\"mailto\" data-id=\"mailto:info@savana-spa.si\">info@savana-spa.si<\/a> oder telefonisch unter 00386 059 016 033. Wir senden Ihnen ein Angebot oder eine Proforma-Rechnung und nach erfolgreichem Zahlungsabschluss senden wir Ihnen den Geschenkgutschein.<\/p>\n\n\n\n<hr class=\"wp-block-separator\"\/>\n","protected":false},"excerpt":{"rendered":"<p>Ein Geschenk zu finden kann eine gro\u00dfe Herausforderung sein, also lassen Sie uns Ihnen dabei helfen. Schenken Sie Freunden, Familie oder Gesch\u00e4ftspartnern einen Auszug aus unserer grandiosen Geschichte: eine Massage, ein Besuch in der Saunawelt, eine exklusive VIP-Verw\u00f6hnung oder eine Gesichts- und K\u00f6rperpflege. Dies wird Ihr Beitrag zu ihrem Wohlbefinden, ihrer Sch\u00f6nheit und Gesundheit, ihrer [&hellip;]<\/p>\n","protected":false},"author":2,"featured_media":782,"parent":0,"menu_order":0,"comment_status":"closed","ping_status":"closed","template":"service.php","meta":{"_acf_changed":false,"inline_featured_image":false,"_monsterinsights_skip_tracking":false,"_monsterinsights_sitenote_active":false,"_monsterinsights_sitenote_note":"","_monsterinsights_sitenote_category":0,"footnotes":""},"class_list":["post-780","page","type-page","status-publish","has-post-thumbnail","hentry"],"acf":[],"aioseo_notices":[],"_links":{"self":[{"href":"https:\/\/savana-spa.si\/de\/wp-json\/wp\/v2\/pages\/780","targetHints":{"allow":["GET"]}}],"collection":[{"href":"https:\/\/savana-spa.si\/de\/wp-json\/wp\/v2\/pages"}],"about":[{"href":"https:\/\/savana-spa.si\/de\/wp-json\/wp\/v2\/types\/page"}],"author":[{"embeddable":true,"href":"https:\/\/savana-spa.si\/de\/wp-json\/wp\/v2\/users\/2"}],"replies":[{"embeddable":true,"href":"https:\/\/savana-spa.si\/de\/wp-json\/wp\/v2\/comments?post=780"}],"version-history":[{"count":8,"href":"https:\/\/savana-spa.si\/de\/wp-json\/wp\/v2\/pages\/780\/revisions"}],"predecessor-version":[{"id":1150,"href":"https:\/\/savana-spa.si\/de\/wp-json\/wp\/v2\/pages\/780\/revisions\/1150"}],"wp:featuredmedia":[{"embeddable":true,"href":"https:\/\/savana-spa.si\/de\/wp-json\/wp\/v2\/media\/782"}],"wp:attachment":[{"href":"https:\/\/savana-spa.si\/de\/wp-json\/wp\/v2\/media?parent=780"}],"curies":[{"name":"wp","href":"https:\/\/api.w.org\/{rel}","templated":true}]}}