{"id":774,"date":"2021-08-16T16:41:09","date_gmt":"2021-08-16T14:41:09","guid":{"rendered":"https:\/\/savana-spa.si\/spa-bonton\/"},"modified":"2025-11-26T21:20:02","modified_gmt":"2025-11-26T19:20:02","slug":"spa-bonton","status":"publish","type":"page","link":"https:\/\/savana-spa.si\/de\/spa-bonton\/","title":{"rendered":"SPA Etikette"},"content":{"rendered":"\n<p><\/p>\n\n\n\n<p><strong><strong>STILLE IST LAUT<\/strong><\/strong><\/p>\n\n\n\n<p>Eine wesentliche Bedingung f\u00fcr eine angenehme Atmosph\u00e4re in der Spa ist die Stille. Schalten Sie Ihr Mobiltelefon aus oder stellen Sie es auf leise; sprechen Sie miteinander mit ged\u00e4mpfter Stimme, damit Sie andere nicht st\u00f6ren.<\/p>\n\n\n\n<p><strong><strong>HYGIENE IST WICHTIG<\/strong><\/strong><\/p>\n\n\n\n<p>Vor dem Betreten der Sauna-Welt ist das Duschen obligatorisch, wir empfehlen es auch vor den Massagen und der K\u00f6rperpflege.<\/p>\n\n\n\n<p><strong><strong>NACKTHEIT IST NAT\u00dcRLICH, BLEIBT ABER AUCH F\u00dcR DIE AUGEN VERBORGEN<\/strong><\/strong><\/p>\n\n\n\n<p>Betreten Sie die Sauna nackt und barfu\u00df, ohne Make-up und Schmuck; nur die Verwendung von Handt\u00fcchern oder Bettw\u00e4sche ist erlaubt. Im und am Pool sind Badeanz\u00fcge nicht obligatorisch.<\/p>\n\n\n\n<p><strong><strong>SICHERHEIT STEHT ZUR VERF\u00dcGUNG<\/strong><\/strong><\/p>\n\n\n\n<p>Schlie\u00dfen Sie pers\u00f6nliche Gegenst\u00e4nde (Handtasche, Schmuck, Schl\u00fcssel, Mobiltelefon usw.) im Kleiderschrank ein. Wir sind nicht verantwortlich f\u00fcr den Verlust oder Diebstahl Ihres Eigentums, deshalb bitten wir Sie, keine wertvollen Gegenst\u00e4nde in den Wellnessbereich zu bringen..<\/p>\n\n\n\n<p><strong><strong>WENN PLATZ AUSGEW\u00c4HLT IST<\/strong><\/strong><\/p>\n\n\n\n<p>W\u00e4hlen Sie Ihren Lieblingsplatz aus, wenn Sie sich dort jedoch nicht aufhalten, Halten Sie den Platz nicht frei.<\/p>\n\n\n\n<p><strong><strong>ERHOLUNG IST NOTWENDIG<\/strong><\/strong><\/p>\n\n\n\n<p>Das Saunabad sollte entsprechend dem Wohlbefinden und gem\u00e4\u00df den Empfehlungen jeder Sauna durchgef\u00fchrt werden. Nach jedem Saunabad sollte man sich mindestens 15 Minuten ausruhen.<\/p>\n\n\n\n<p><strong><strong>SONSTIGES, ABER NICHT WENIGER WICHTIGES<\/strong><\/strong><\/p>\n\n\n\n<ul class=\"wp-block-list\">\n<li>Speisen und Getr\u00e4nke sowie die Verwendung von K\u00f6rperpflegeprodukten sind in der Sauna-Welt nicht gestattet.<\/li>\n\n\n\n<li>Menschen in schlechtem Gesundheitszustand sollten vor dem Besuch einen Arzt konsultieren. Wenn Sie Anzeichen von Unwohlsein, Schwindel oder anderen Anzeichen feststellen, die auf gesundheitliche Probleme hindeuten, brechen Sie die Behandlung sofort ab. Der Besuch des Spa-Bereichs erfolgt auf eigene Verantwortung.<\/li>\n\n\n\n<li>Bei ernsthaften gesundheitlichen Problemen (Durchblutungsst\u00f6rungen, zu hoher oder zu niedriger Blutdruck, Herz-Kreislauf-Beschwerden, Tuberkulose, Epilepsie, Krebs- oder Hauterkrankungen, Virose, Grippe etc.) wird von einem Spa-Besuch abgeraten.<\/li>\n\n\n\n<li>Nur Personen ab 18 Jahren d\u00fcrfen die Sauna-Welt besuchen und sich auf dem Ruheplatz aufhalten.<\/li>\n\n\n\n<li>Die Hotelg\u00e4ste k\u00f6nnen den Spa-Bereich im Bademantel und einem Hotelhandtuch, das sie im Zimmer finden, betreten. F\u00fcr Behandlungen und Besuche der Sauna-Welt ist eine Reservierung erforderlich.<\/li>\n\n\n\n<li>Die Behandlungen k\u00f6nnen bis zu 24 Stunden vor dem gebuchten Termin kostenfrei storniert werden, bei Stornierung bis zu 4 Stunden vor der Behandlung werden Ihnen 50 % der Behandlungskosten in Rechnung gestellt. Wenn Sie die Behandlung sp\u00e4ter stornieren oder gar nicht benutzen ohne zu stornieren wird Ihnen der volle Preis in Rechnung gestellt.<\/li>\n\n\n\n<li>In der Savannah-Spa gehen die angesammelten Alltagsgifte verloren und sie bereiten Platz f\u00fcr einen Hauch einer glorreichen Geschichte. Einfach genie\u00dfen.<\/li>\n<\/ul>\n","protected":false},"excerpt":{"rendered":"<p>STILLE IST LAUT Eine wesentliche Bedingung f\u00fcr eine angenehme Atmosph\u00e4re in der Spa ist die Stille. Schalten Sie Ihr Mobiltelefon aus oder stellen Sie es auf leise; sprechen Sie miteinander mit ged\u00e4mpfter Stimme, damit Sie andere nicht st\u00f6ren. HYGIENE IST WICHTIG Vor dem Betreten der Sauna-Welt ist das Duschen obligatorisch, wir empfehlen es auch vor [&hellip;]<\/p>\n","protected":false},"author":2,"featured_media":0,"parent":0,"menu_order":0,"comment_status":"closed","ping_status":"closed","template":"","meta":{"_acf_changed":false,"inline_featured_image":false,"_monsterinsights_skip_tracking":false,"_monsterinsights_sitenote_active":false,"_monsterinsights_sitenote_note":"","_monsterinsights_sitenote_category":0,"footnotes":""},"class_list":["post-774","page","type-page","status-publish","hentry"],"acf":[],"aioseo_notices":[],"_links":{"self":[{"href":"https:\/\/savana-spa.si\/de\/wp-json\/wp\/v2\/pages\/774","targetHints":{"allow":["GET"]}}],"collection":[{"href":"https:\/\/savana-spa.si\/de\/wp-json\/wp\/v2\/pages"}],"about":[{"href":"https:\/\/savana-spa.si\/de\/wp-json\/wp\/v2\/types\/page"}],"author":[{"embeddable":true,"href":"https:\/\/savana-spa.si\/de\/wp-json\/wp\/v2\/users\/2"}],"replies":[{"embeddable":true,"href":"https:\/\/savana-spa.si\/de\/wp-json\/wp\/v2\/comments?post=774"}],"version-history":[{"count":4,"href":"https:\/\/savana-spa.si\/de\/wp-json\/wp\/v2\/pages\/774\/revisions"}],"predecessor-version":[{"id":1750,"href":"https:\/\/savana-spa.si\/de\/wp-json\/wp\/v2\/pages\/774\/revisions\/1750"}],"wp:attachment":[{"href":"https:\/\/savana-spa.si\/de\/wp-json\/wp\/v2\/media?parent=774"}],"curies":[{"name":"wp","href":"https:\/\/api.w.org\/{rel}","templated":true}]}}