{"id":1090,"date":"2021-08-18T13:34:20","date_gmt":"2021-08-18T11:34:20","guid":{"rendered":"https:\/\/savana-spa.si\/kontakt-in-lokacija\/"},"modified":"2025-12-07T22:01:36","modified_gmt":"2025-12-07T20:01:36","slug":"kontakt-in-lokacija","status":"publish","type":"page","link":"https:\/\/savana-spa.si\/de\/kontakt-in-lokacija\/","title":{"rendered":"Kontakt und standort"},"content":{"rendered":"\n<p><strong>Savana spa<\/strong>, DoubleTree by Hilton Ljubljana Hotel, K2<br><br>Dunajska cesta 154, Ljubljana, Slowenien<\/p>\n\n\n\n<p>T: +386 059 016 033<\/p>\n\n\n\n<p> <a href=\"mailto:info@savana-spa.si\">E: info@savana-spa.si<\/a><\/p>\n\n\n\n<iframe src=\"https:\/\/www.google.com\/maps\/embed?pb=!1m14!1m8!1m3!1d11069.857771351068!2d14.5135722!3d46.081719!3m2!1i1024!2i768!4f13.1!3m3!1m2!1s0x0%3A0x1b18d66b8066860e!2sSavana%20spa!5e0!3m2!1sen!2ssi!4v1629287400081!5m2!1sen!2ssi\" width=\"600\" height=\"450\" style=\"border:0;\" allowfullscreen=\"\" loading=\"lazy\"><\/iframe>\n\n\n\n<p>Parkm\u00f6glichkeiten gibt es auf dem \u00f6ffentlichen Parkplatz oder in der \u00fcberdachten Garage des Parkhauses Dunajska 158. Direkt vor dem Hotel befindet sich die LPP-Bushaltestelle (Bus Nr. 6). Bei der Ankunft im Hotel gelangen Sie \u00fcber einen Aufzug oder eine Treppe ins zweite Untergeschoss (K2), wo Sie eine prachtvolle Geschichte erwartet.<\/p>\n","protected":false},"excerpt":{"rendered":"<p>Savana spa, DoubleTree by Hilton Ljubljana Hotel, K2 Dunajska cesta 154, Ljubljana, Slowenien T: +386 059 016 033 E: info@savana-spa.si Parkm\u00f6glichkeiten gibt es auf dem \u00f6ffentlichen Parkplatz oder in der \u00fcberdachten Garage des Parkhauses Dunajska 158. Direkt vor dem Hotel befindet sich die LPP-Bushaltestelle (Bus Nr. 6). Bei der Ankunft im Hotel gelangen Sie \u00fcber [&hellip;]<\/p>\n","protected":false},"author":2,"featured_media":0,"parent":0,"menu_order":0,"comment_status":"closed","ping_status":"closed","template":"","meta":{"_acf_changed":false,"inline_featured_image":false,"_monsterinsights_skip_tracking":false,"_monsterinsights_sitenote_active":false,"_monsterinsights_sitenote_note":"","_monsterinsights_sitenote_category":0,"footnotes":""},"class_list":["post-1090","page","type-page","status-publish","hentry"],"acf":[],"aioseo_notices":[],"_links":{"self":[{"href":"https:\/\/savana-spa.si\/de\/wp-json\/wp\/v2\/pages\/1090","targetHints":{"allow":["GET"]}}],"collection":[{"href":"https:\/\/savana-spa.si\/de\/wp-json\/wp\/v2\/pages"}],"about":[{"href":"https:\/\/savana-spa.si\/de\/wp-json\/wp\/v2\/types\/page"}],"author":[{"embeddable":true,"href":"https:\/\/savana-spa.si\/de\/wp-json\/wp\/v2\/users\/2"}],"replies":[{"embeddable":true,"href":"https:\/\/savana-spa.si\/de\/wp-json\/wp\/v2\/comments?post=1090"}],"version-history":[{"count":3,"href":"https:\/\/savana-spa.si\/de\/wp-json\/wp\/v2\/pages\/1090\/revisions"}],"predecessor-version":[{"id":1761,"href":"https:\/\/savana-spa.si\/de\/wp-json\/wp\/v2\/pages\/1090\/revisions\/1761"}],"wp:attachment":[{"href":"https:\/\/savana-spa.si\/de\/wp-json\/wp\/v2\/media?parent=1090"}],"curies":[{"name":"wp","href":"https:\/\/api.w.org\/{rel}","templated":true}]}}