{"id":1072,"date":"2021-08-12T17:29:20","date_gmt":"2021-08-12T15:29:20","guid":{"rendered":"https:\/\/savana-spa.si\/varovanje-osebnih-podatkov\/"},"modified":"2021-09-09T19:25:49","modified_gmt":"2021-09-09T17:25:49","slug":"varovanje-osebnih-podatkov","status":"publish","type":"page","link":"https:\/\/savana-spa.si\/de\/varovanje-osebnih-podatkov\/","title":{"rendered":"Schutz personenbezogener daten"},"content":{"rendered":"\n<p><strong>Verantwortlicher f\u00fcr personenbezogene Daten und Kontaktdaten<\/strong><\/p>\n\n\n\n<p>Diese Richtlinie gilt f\u00fcr die Verarbeitung (Verwendung) personenbezogener Daten, die von AGENCIJA RENEE d.o.o. (Verantwortlicher) oder im Auftrag des Verantwortlichen durchgef\u00fchrt wird.<\/p>\n\n\n\n<p>Daten zum Verantwortlichen finden Sie hier unter (Hyperlink \u00dcber-uns).<\/p>\n\n\n\n<p><strong>Welche personenbezogenen Daten werden von uns verarbeitet?<\/strong><\/p>\n\n\n\n<ol class=\"wp-block-list\" type=\"1\"><li>Grundlegende Kontaktinformationen (Name, Nachname, Telefonnummer, E-Mail-Adresse).<\/li><li>Daten zur Nutzung der Website <a href=\"https:\/\/savana-spa.si\">www.savana-spa.si<\/a> (Klicks auf Links, verbrachte Zeit) und die Beantwortung unserer E-Mails.<\/li><li>Daten, die wir zur Vertragserf\u00fcllung und Erbringung der Leistung ben\u00f6tigen (ausgew\u00e4hlte Leistungen, Preis, ausgew\u00e4hlte bzw. verwendete Produkte, Datum, Zahlungsinformationen).<\/li><\/ol>\n\n\n\n<p><strong>Rechtsgrundlage f\u00fcr die Verarbeitung personenbezogener Daten<\/strong><\/p>\n\n\n\n<p>Wir k\u00f6nnen Ihre personenbezogenen Daten auf den folgenden Rechtsgrundlagen verarbeiten:<\/p>\n\n\n\n<ol class=\"wp-block-list\" type=\"1\"><li>Wenn dies zur Erf\u00fcllung unserer gesetzlichen Verpflichtungen erforderlich ist (z. B. Ausstellung von Rechnungen);<\/li><li>Wenn die Verarbeitung Ihrer personenbezogenen Daten f\u00fcr den Abschluss und die Erf\u00fcllung des Vertrages (\u00fcber die Erbringung der Service), den Sie mit uns geschlossen haben, erforderlich ist oder weil Sie ein Angebot von uns angefordert haben;<\/li><li>Wenn Sie der Verarbeitung Ihrer personenbezogenen Daten f\u00fcr einen bestimmten Verarbeitungszweck zugestimmt haben und Sie jederzeit das Recht haben, die erteilte Einwilligung zu widerrufen;<\/li><li>Wenn wir ein berechtigtes Interesse an der Verarbeitung Ihrer personenbezogenen Daten haben (z. B. wenn wir Ihnen eine SMS- oder E-Mail-Erinnerung zusenden).<\/li><\/ol>\n\n\n\n<p><strong>Zwecke der Verarbeitung personenbezogener Daten<\/strong><\/p>\n\n\n\n<p>Wir k\u00f6nnen Ihre personenbezogenen Daten f\u00fcr einen und\/oder mehrere der folgenden Zwecke verwenden:<\/p>\n\n\n\n<ol class=\"wp-block-list\" type=\"1\"><li>Bestellung;<\/li><li>informationelle Unterst\u00fctzung bei der Umsetzung der Service;<\/li><li>Kommunikation mit Ihnen bez\u00fcglich der Bereitstellung unserer Service und Beantwortung Ihrer Anfragen;<\/li><li>Vertragsabschluss und Erf\u00fcllung von Verpflichtungen aus dem abgeschlossenen Vertrag;<\/li><li>Marketingkommunikation (Versand von E-Mails, SMS und anderen elektronischen Nachrichten);<\/li><li>Marketingkommunikation basierend auf kundenspezifischen bzw. individualisierten Angeboten und Nachrichten, zur Erstellung von Nutzerprofilen oder Gruppierungen, die jeweils Marketingmitteilungen mit unterschiedlichen Inhalten erhalten k\u00f6nnen. Bei der Erstellung von Profilen \u00fcberwachen wir auch die Aktivit\u00e4t der Person (z. B. die Zeit, die eine Person mit bestimmten Inhalten verbringt, welche Inhalte sie interessiert und das \u00d6ffnen von E-Mails) sowie die H\u00e4ufigkeit und den Wert vergangener Bestellungen;<\/li><li>Durchsetzung von Rechtsanspr\u00fcchen und Beilegung von Streitigkeiten;<\/li><li>statistische Analyse der Verk\u00e4ufe unserer Service und der Nutzung unserer Online-Anwendungen.<\/li><\/ol>\n\n\n\n<p><strong>Wie lange bewahren wir Ihre personenbezogenen Daten auf?<\/strong><\/p>\n\n\n\n<p>Wir speichern grundlegende personenbezogene Daten, solange Sie den Status eines registrierten Benutzers auf der Website <a href=\"https:\/\/savana-spa.si\">www.savana-spa.si<\/a> haben. Personenbezogene Daten, die wir aufgrund Ihrer Einwilligung verarbeiten, werden dauerhaft gespeichert bzw. bis Sie diese Einwilligung widerrufen. Wir bewahren die f\u00fcr den Abschluss und die Erf\u00fcllung des Vertrags zwischen Ihnen und uns erforderlichen Daten f\u00fcr weitere f\u00fcnf Jahre ab Vertragserf\u00fcllung (Leistungserbringung) auf.<\/p>\n\n\n\n<p><strong>Freiwillige \u00dcbermittlung von Daten und Folgen der Nicht\u00fcbermittlung<\/strong><\/p>\n\n\n\n<p>Die \u00dcbermittlung personenbezogener Daten ist freiwillig. Sie sind nicht verpflichtet, uns personenbezogene Daten bereitzustellen, aber wenn Sie diese nicht bereitstellen, k\u00f6nnen Sie bestimmte Service nicht erhalten und\/oder nutzen oder Vertr\u00e4ge mit uns abschlie\u00dfen.<\/p>\n\n\n\n<p><strong>Wer hat Zugriff auf Ihre personenbezogenen Daten?<\/strong><\/p>\n\n\n\n<p>Wir geben Ihre personenbezogenen Daten nicht weiter und erteilen keine Ausk\u00fcnfte an Dritte, au\u00dfer an diejenigen, die einen schriftlichen Vertrag mit uns haben, nach dem sie bestimmte Aufgaben im Zusammenhang mit der Verarbeitung von Daten erf\u00fcllen und verpflichtet sind, die Rechtsvorschriften \u00fcber die Verarbeitung und den Schutz personenbezogener Daten einzuhalten (sogenannte Vertragsverarbeiter). Die Vertragsverarbeiter, denen wir personenbezogene Daten zur Verf\u00fcgung stellen, sind:<\/p>\n\n\n\n<ul class=\"wp-block-list\"><li>Anbieter von Marketingdienstleistungen;<\/li><li>E-Mail-Anbieter;<\/li><li>SMS-Anbieter;<\/li><li>Anbieter von Betriebswirtschaftssoftware.<\/li><\/ul>\n\n\n\n<p>Die Vertragsverarbeiter d\u00fcrfen personenbezogene Daten nur nach unseren Weisungen verarbeiten und d\u00fcrfen personenbezogene Daten nicht f\u00fcr eigene Zwecke verarbeiten. Sie sind dazu verpflichtet, zusammen mit ihren Mitarbeitern, die Vertraulichkeit Ihrer personenbezogenen Daten zu sch\u00fctzen.<\/p>\n\n\n\n<p><strong>Welche Rechte haben Sie in Bezug auf personenbezogene Daten?<\/strong><\/p>\n\n\n\n<p>Bez\u00fcglich Ihrer personenbezogenen Daten haben Sie jederzeit das Recht, von uns Folgendes zu verlangen:<\/p>\n\n\n\n<ol class=\"wp-block-list\" type=\"1\"><li>Best\u00e4tigung, ob wir Ihre personenbezogenen Daten verarbeiten;<\/li><li>Zugriff auf personenbezogene Daten und die folgenden Informationen: Zwecke der Verarbeitung; Arten von personenbezogenen Daten; Nutzer oder Kategorien von Nutzern, denen personenbezogene Daten offengelegt wurden oder werden, insbesondere Nutzer in Drittl\u00e4ndern oder internationalen Organisationen; die geplante Speicherdauer der personenbezogenen Daten oder, falls dies nicht m\u00f6glich ist, die Kriterien f\u00fcr die Festlegung dieser Dauer; das Bestehen einer automatisierten Entscheidungsfindung einschlie\u00dflich Profilerstellung und die Gr\u00fcnde daf\u00fcr sowie die Bedeutung und die angestrebten Folgen einer derartigen Verarbeitung f\u00fcr Sie;<\/li><li>eine kostenlose Kopie der personenbezogenen Daten in einer von Ihnen angegebenen Form (wenn die Anfrage auf elektronischem Wege erfolgt und Sie nichts anderes verlangen, wird eine Kopie in elektronischer Form bereitgestellt); f\u00fcr zus\u00e4tzliche Kopien, die Sie anfordern, k\u00f6nnen wir eine angemessene Geb\u00fchr unter Ber\u00fccksichtigung der Kosten berechnen;<\/li><li>Berichtigung unrichtiger personenbezogener Daten;<\/li><li>Einschr\u00e4nkung der Verarbeitung, wenn Sie die Richtigkeit der personenbezogenen Daten bestreiten, f\u00fcr eine Dauer, die es uns erm\u00f6glicht, die Richtigkeit der personenbezogenen Daten zu \u00fcberpr\u00fcfen; wenn die Verarbeitung unrechtm\u00e4\u00dfig ist und Sie der L\u00f6schung der personenbezogenen Daten widersprechen und stattdessen eine Einschr\u00e4nkung ihrer Verwendung verlangen; wenn wir die personenbezogenen Daten f\u00fcr die Zwecke der Verarbeitung nicht mehr ben\u00f6tigen, Sie diese zur Geltendmachung, Durchsetzung oder Verteidigung von Rechtsanspr\u00fcchen ben\u00f6tigen;<\/li><li>die&nbsp;&nbsp;&nbsp;&nbsp;&nbsp;&nbsp; L\u00f6schung aller personenbezogenen Daten (Recht auf Vergessenwerden) bei Vorliegen der Voraussetzungen des Artikels 17 der Allgemeinen Datenschutzgrundverordnung, insbesondere f\u00fcr den Fall, dass Sie Ihre Einwilligung zur Verarbeitung personenbezogener Daten widerrufen;<\/li><li>Ausdruck personenbezogener Daten in strukturierter und maschinenlesbarer Form;<\/li><li>Einstellung der Verwendung personenbezogener Daten f\u00fcr Direktmarketingzwecke, einschlie\u00dflich Profilerstellung;<\/li><li>dass Sie nicht einer ausschlie\u00dflich auf einer automatisierten Verarbeitung \u2013 einschlie\u00dflich Profilerstellung \u2013 beruhenden Entscheidung unterliegen, sofern die Voraussetzungen des Artikels 22 der Allgemeinen Datenschutzverordnung vorliegen.<\/li><\/ol>\n\n\n\n<p><strong>Verfahren zur Aus\u00fcbung von Rechten<\/strong><\/p>\n\n\n\n<p>Sie k\u00f6nnen Ihre Anspr\u00fcche in Bezug auf die Aus\u00fcbung von Rechten bez\u00fcglich personenbezogener Daten schriftlich an jeden Kontakt richten, der unter dem Verantwortlichen f\u00fcr die Verarbeitung personenbezogenen Daten angegeben ist.<\/p>\n\n\n\n<p>Wir m\u00fcssen Ihrem Antrag auf Aus\u00fcbung Ihrer Rechte in Bezug auf personenbezogene Daten unverz\u00fcglich, sp\u00e4testens jedoch innerhalb eines Monats nach Erhalt, nachkommen.<\/p>\n","protected":false},"excerpt":{"rendered":"<p>Verantwortlicher f\u00fcr personenbezogene Daten und Kontaktdaten Diese Richtlinie gilt f\u00fcr die Verarbeitung (Verwendung) personenbezogener Daten, die von AGENCIJA RENEE d.o.o. (Verantwortlicher) oder im Auftrag des Verantwortlichen durchgef\u00fchrt wird. Daten zum Verantwortlichen finden Sie hier unter (Hyperlink \u00dcber-uns). Welche personenbezogenen Daten werden von uns verarbeitet? Grundlegende Kontaktinformationen (Name, Nachname, Telefonnummer, E-Mail-Adresse). Daten zur Nutzung der Website [&hellip;]<\/p>\n","protected":false},"author":1,"featured_media":0,"parent":0,"menu_order":0,"comment_status":"closed","ping_status":"closed","template":"","meta":{"_acf_changed":false,"inline_featured_image":false,"_monsterinsights_skip_tracking":false,"_monsterinsights_sitenote_active":false,"_monsterinsights_sitenote_note":"","_monsterinsights_sitenote_category":0,"footnotes":""},"class_list":["post-1072","page","type-page","status-publish","hentry"],"acf":[],"aioseo_notices":[],"_links":{"self":[{"href":"https:\/\/savana-spa.si\/de\/wp-json\/wp\/v2\/pages\/1072","targetHints":{"allow":["GET"]}}],"collection":[{"href":"https:\/\/savana-spa.si\/de\/wp-json\/wp\/v2\/pages"}],"about":[{"href":"https:\/\/savana-spa.si\/de\/wp-json\/wp\/v2\/types\/page"}],"author":[{"embeddable":true,"href":"https:\/\/savana-spa.si\/de\/wp-json\/wp\/v2\/users\/1"}],"replies":[{"embeddable":true,"href":"https:\/\/savana-spa.si\/de\/wp-json\/wp\/v2\/comments?post=1072"}],"version-history":[{"count":1,"href":"https:\/\/savana-spa.si\/de\/wp-json\/wp\/v2\/pages\/1072\/revisions"}],"predecessor-version":[{"id":1073,"href":"https:\/\/savana-spa.si\/de\/wp-json\/wp\/v2\/pages\/1072\/revisions\/1073"}],"wp:attachment":[{"href":"https:\/\/savana-spa.si\/de\/wp-json\/wp\/v2\/media?parent=1072"}],"curies":[{"name":"wp","href":"https:\/\/api.w.org\/{rel}","templated":true}]}}